{"id":1242,"date":"2015-02-05T11:16:53","date_gmt":"2015-02-05T10:16:53","guid":{"rendered":"http:\/\/www.omcn.it\/?page_id=1242"},"modified":"2025-04-08T12:31:00","modified_gmt":"2025-04-08T10:31:00","slug":"automobilbranche-hebebuhnen-pkw-motorrad-lkw","status":"publish","type":"page","link":"https:\/\/www.omcn.it\/de\/automobilbranche-hebebuhnen-pkw-motorrad-lkw\/","title":{"rendered":"Automotive"},"content":{"rendered":"","protected":false},"excerpt":{"rendered":"","protected":false},"author":1,"featured_media":0,"parent":0,"menu_order":2,"comment_status":"open","ping_status":"closed","template":"template_prodotti.php","meta":{"_acf_changed":false,"_monsterinsights_skip_tracking":false,"_monsterinsights_sitenote_active":false,"_monsterinsights_sitenote_note":"","_monsterinsights_sitenote_category":0,"footnotes":""},"class_list":["post-1242","page","type-page","status-publish","hentry"],"acf":[],"yoast_head":"<!-- This site is optimized with the Yoast SEO plugin v27.4 - https:\/\/yoast.com\/product\/yoast-seo-wordpress\/ -->\n<title>OMCN - Hebeb\u00fchnen f\u00fcr Pkws, Motorr\u00e4der, Lkws, Karosseriewerkst\u00e4tten<\/title>\n<meta name=\"description\" content=\"OMCN produziert Hebeb\u00fchnen f\u00fcr Pkws, Hebeb\u00fchnen f\u00fcr Motorr\u00e4der, Hebeb\u00fchnen f\u00fcr Lkws, Rohrbiegemaschinen, Hebeb\u00fchnen f\u00fcr Inspektionen, S\u00e4ulen-Hebeb\u00fchnen, Scherenhebeb\u00fchnen.\" \/>\n<meta name=\"robots\" content=\"index, follow, max-snippet:-1, max-image-preview:large, max-video-preview:-1\" \/>\n<link rel=\"canonical\" href=\"https:\/\/www.omcn.it\/de\/automobilbranche-hebebuhnen-pkw-motorrad-lkw\/\" \/>\n<meta property=\"og:locale\" content=\"de_DE\" \/>\n<meta property=\"og:type\" content=\"article\" \/>\n<meta property=\"og:title\" content=\"OMCN - Hebeb\u00fchnen f\u00fcr Pkws, Motorr\u00e4der, Lkws, Karosseriewerkst\u00e4tten\" \/>\n<meta property=\"og:description\" content=\"OMCN produziert Hebeb\u00fchnen f\u00fcr Pkws, Hebeb\u00fchnen f\u00fcr Motorr\u00e4der, Hebeb\u00fchnen f\u00fcr Lkws, Rohrbiegemaschinen, Hebeb\u00fchnen f\u00fcr Inspektionen, S\u00e4ulen-Hebeb\u00fchnen, Scherenhebeb\u00fchnen.\" \/>\n<meta property=\"og:url\" content=\"https:\/\/www.omcn.it\/de\/automobilbranche-hebebuhnen-pkw-motorrad-lkw\/\" \/>\n<meta property=\"og:site_name\" content=\"OMCN S.p.A.\" \/>\n<meta property=\"article:publisher\" content=\"https:\/\/www.facebook.com\/omcnspa\" \/>\n<meta property=\"article:modified_time\" content=\"2025-04-08T10:31:00+00:00\" \/>\n<meta name=\"twitter:card\" content=\"summary_large_image\" \/>\n<meta name=\"twitter:site\" content=\"@omcnspa\" \/>\n<script type=\"application\/ld+json\" class=\"yoast-schema-graph\">{\"@context\":\"https:\\\/\\\/schema.org\",\"@graph\":[{\"@type\":\"WebPage\",\"@id\":\"https:\\\/\\\/www.omcn.it\\\/de\\\/automobilbranche-hebebuhnen-pkw-motorrad-lkw\\\/\",\"url\":\"https:\\\/\\\/www.omcn.it\\\/de\\\/automobilbranche-hebebuhnen-pkw-motorrad-lkw\\\/\",\"name\":\"OMCN - Hebeb\u00fchnen f\u00fcr Pkws, Motorr\u00e4der, Lkws, Karosseriewerkst\u00e4tten\",\"isPartOf\":{\"@id\":\"https:\\\/\\\/www.omcn.it\\\/#website\"},\"datePublished\":\"2015-02-05T10:16:53+00:00\",\"dateModified\":\"2025-04-08T10:31:00+00:00\",\"description\":\"OMCN produziert Hebeb\u00fchnen f\u00fcr Pkws, Hebeb\u00fchnen f\u00fcr Motorr\u00e4der, Hebeb\u00fchnen f\u00fcr Lkws, Rohrbiegemaschinen, Hebeb\u00fchnen f\u00fcr Inspektionen, S\u00e4ulen-Hebeb\u00fchnen, Scherenhebeb\u00fchnen.\",\"breadcrumb\":{\"@id\":\"https:\\\/\\\/www.omcn.it\\\/de\\\/automobilbranche-hebebuhnen-pkw-motorrad-lkw\\\/#breadcrumb\"},\"inLanguage\":\"de-DE\",\"potentialAction\":[{\"@type\":\"ReadAction\",\"target\":[\"https:\\\/\\\/www.omcn.it\\\/de\\\/automobilbranche-hebebuhnen-pkw-motorrad-lkw\\\/\"]}]},{\"@type\":\"BreadcrumbList\",\"@id\":\"https:\\\/\\\/www.omcn.it\\\/de\\\/automobilbranche-hebebuhnen-pkw-motorrad-lkw\\\/#breadcrumb\",\"itemListElement\":[{\"@type\":\"ListItem\",\"position\":1,\"name\":\"Home\",\"item\":\"https:\\\/\\\/www.omcn.it\\\/de\\\/\"},{\"@type\":\"ListItem\",\"position\":2,\"name\":\"Automotive\"}]},{\"@type\":\"WebSite\",\"@id\":\"https:\\\/\\\/www.omcn.it\\\/#website\",\"url\":\"https:\\\/\\\/www.omcn.it\\\/\",\"name\":\"OMCN S.p.A.\",\"description\":\"We lift your profit\",\"potentialAction\":[{\"@type\":\"SearchAction\",\"target\":{\"@type\":\"EntryPoint\",\"urlTemplate\":\"https:\\\/\\\/www.omcn.it\\\/?s={search_term_string}\"},\"query-input\":{\"@type\":\"PropertyValueSpecification\",\"valueRequired\":true,\"valueName\":\"search_term_string\"}}],\"inLanguage\":\"de-DE\"}]}<\/script>\n<!-- \/ Yoast SEO plugin. -->","yoast_head_json":{"title":"OMCN - Hebeb\u00fchnen f\u00fcr Pkws, Motorr\u00e4der, Lkws, Karosseriewerkst\u00e4tten","description":"OMCN produziert Hebeb\u00fchnen f\u00fcr Pkws, Hebeb\u00fchnen f\u00fcr Motorr\u00e4der, Hebeb\u00fchnen f\u00fcr Lkws, Rohrbiegemaschinen, Hebeb\u00fchnen f\u00fcr Inspektionen, S\u00e4ulen-Hebeb\u00fchnen, Scherenhebeb\u00fchnen.","robots":{"index":"index","follow":"follow","max-snippet":"max-snippet:-1","max-image-preview":"max-image-preview:large","max-video-preview":"max-video-preview:-1"},"canonical":"https:\/\/www.omcn.it\/de\/automobilbranche-hebebuhnen-pkw-motorrad-lkw\/","og_locale":"de_DE","og_type":"article","og_title":"OMCN - Hebeb\u00fchnen f\u00fcr Pkws, Motorr\u00e4der, Lkws, Karosseriewerkst\u00e4tten","og_description":"OMCN produziert Hebeb\u00fchnen f\u00fcr Pkws, Hebeb\u00fchnen f\u00fcr Motorr\u00e4der, Hebeb\u00fchnen f\u00fcr Lkws, Rohrbiegemaschinen, Hebeb\u00fchnen f\u00fcr Inspektionen, S\u00e4ulen-Hebeb\u00fchnen, Scherenhebeb\u00fchnen.","og_url":"https:\/\/www.omcn.it\/de\/automobilbranche-hebebuhnen-pkw-motorrad-lkw\/","og_site_name":"OMCN S.p.A.","article_publisher":"https:\/\/www.facebook.com\/omcnspa","article_modified_time":"2025-04-08T10:31:00+00:00","twitter_card":"summary_large_image","twitter_site":"@omcnspa","schema":{"@context":"https:\/\/schema.org","@graph":[{"@type":"WebPage","@id":"https:\/\/www.omcn.it\/de\/automobilbranche-hebebuhnen-pkw-motorrad-lkw\/","url":"https:\/\/www.omcn.it\/de\/automobilbranche-hebebuhnen-pkw-motorrad-lkw\/","name":"OMCN - Hebeb\u00fchnen f\u00fcr Pkws, Motorr\u00e4der, Lkws, Karosseriewerkst\u00e4tten","isPartOf":{"@id":"https:\/\/www.omcn.it\/#website"},"datePublished":"2015-02-05T10:16:53+00:00","dateModified":"2025-04-08T10:31:00+00:00","description":"OMCN produziert Hebeb\u00fchnen f\u00fcr Pkws, Hebeb\u00fchnen f\u00fcr Motorr\u00e4der, Hebeb\u00fchnen f\u00fcr Lkws, Rohrbiegemaschinen, Hebeb\u00fchnen f\u00fcr Inspektionen, S\u00e4ulen-Hebeb\u00fchnen, Scherenhebeb\u00fchnen.","breadcrumb":{"@id":"https:\/\/www.omcn.it\/de\/automobilbranche-hebebuhnen-pkw-motorrad-lkw\/#breadcrumb"},"inLanguage":"de-DE","potentialAction":[{"@type":"ReadAction","target":["https:\/\/www.omcn.it\/de\/automobilbranche-hebebuhnen-pkw-motorrad-lkw\/"]}]},{"@type":"BreadcrumbList","@id":"https:\/\/www.omcn.it\/de\/automobilbranche-hebebuhnen-pkw-motorrad-lkw\/#breadcrumb","itemListElement":[{"@type":"ListItem","position":1,"name":"Home","item":"https:\/\/www.omcn.it\/de\/"},{"@type":"ListItem","position":2,"name":"Automotive"}]},{"@type":"WebSite","@id":"https:\/\/www.omcn.it\/#website","url":"https:\/\/www.omcn.it\/","name":"OMCN S.p.A.","description":"We lift your profit","potentialAction":[{"@type":"SearchAction","target":{"@type":"EntryPoint","urlTemplate":"https:\/\/www.omcn.it\/?s={search_term_string}"},"query-input":{"@type":"PropertyValueSpecification","valueRequired":true,"valueName":"search_term_string"}}],"inLanguage":"de-DE"}]}},"_links":{"self":[{"href":"https:\/\/www.omcn.it\/de\/wp-json\/wp\/v2\/pages\/1242","targetHints":{"allow":["GET"]}}],"collection":[{"href":"https:\/\/www.omcn.it\/de\/wp-json\/wp\/v2\/pages"}],"about":[{"href":"https:\/\/www.omcn.it\/de\/wp-json\/wp\/v2\/types\/page"}],"author":[{"embeddable":true,"href":"https:\/\/www.omcn.it\/de\/wp-json\/wp\/v2\/users\/1"}],"replies":[{"embeddable":true,"href":"https:\/\/www.omcn.it\/de\/wp-json\/wp\/v2\/comments?post=1242"}],"version-history":[{"count":28,"href":"https:\/\/www.omcn.it\/de\/wp-json\/wp\/v2\/pages\/1242\/revisions"}],"predecessor-version":[{"id":8071,"href":"https:\/\/www.omcn.it\/de\/wp-json\/wp\/v2\/pages\/1242\/revisions\/8071"}],"wp:attachment":[{"href":"https:\/\/www.omcn.it\/de\/wp-json\/wp\/v2\/media?parent=1242"}],"curies":[{"name":"wp","href":"https:\/\/api.w.org\/{rel}","templated":true}]}}