{"id":1276,"date":"2015-02-05T11:24:03","date_gmt":"2015-02-05T10:24:03","guid":{"rendered":"http:\/\/www.omcn.it\/?page_id=1276"},"modified":"2024-12-04T14:06:56","modified_gmt":"2024-12-04T13:06:56","slug":"download-katalog-omcn","status":"publish","type":"page","link":"https:\/\/www.omcn.it\/de\/download-katalog-omcn\/","title":{"rendered":"Download"},"content":{"rendered":"","protected":false},"excerpt":{"rendered":"","protected":false},"author":1,"featured_media":0,"parent":0,"menu_order":5,"comment_status":"open","ping_status":"closed","template":"template_download.php","meta":{"_acf_changed":false,"_monsterinsights_skip_tracking":false,"_monsterinsights_sitenote_active":false,"_monsterinsights_sitenote_note":"","_monsterinsights_sitenote_category":0,"footnotes":""},"class_list":["post-1276","page","type-page","status-publish","hentry"],"acf":[],"yoast_head":"<!-- This site is optimized with the Yoast SEO plugin v27.4 - https:\/\/yoast.com\/product\/yoast-seo-wordpress\/ -->\n<title>OMCN S.p.A. - Download Katalog OMCN<\/title>\n<meta name=\"description\" content=\"Auf dieser Seite k\u00f6nnen Sie den Gesamtkatalog von OMCN herunterladen, mit 2-S\u00e4ulen-Hebeb\u00fchnen, Scherenhebeb\u00fchnen, Kurzhubb\u00fchnen f\u00fcr Karosserie, Pkw-Hebeb\u00fchnen, Motorrad-Hebeb\u00fchnen, Lkw-Hebeb\u00fchnen, Ausr\u00fcstungen f\u00fcr die Industrie wie hydraulische und \u00f6lhydraulische Pressen.\" \/>\n<meta name=\"robots\" content=\"index, follow, max-snippet:-1, max-image-preview:large, max-video-preview:-1\" \/>\n<link rel=\"canonical\" href=\"https:\/\/www.omcn.it\/de\/download-katalog-omcn\/\" \/>\n<meta property=\"og:locale\" content=\"de_DE\" \/>\n<meta property=\"og:type\" content=\"article\" \/>\n<meta property=\"og:title\" content=\"OMCN S.p.A. - Download Katalog OMCN\" \/>\n<meta property=\"og:description\" content=\"Auf dieser Seite k\u00f6nnen Sie den Gesamtkatalog von OMCN herunterladen, mit 2-S\u00e4ulen-Hebeb\u00fchnen, Scherenhebeb\u00fchnen, Kurzhubb\u00fchnen f\u00fcr Karosserie, Pkw-Hebeb\u00fchnen, Motorrad-Hebeb\u00fchnen, Lkw-Hebeb\u00fchnen, Ausr\u00fcstungen f\u00fcr die Industrie wie hydraulische und \u00f6lhydraulische Pressen.\" \/>\n<meta property=\"og:url\" content=\"https:\/\/www.omcn.it\/de\/download-katalog-omcn\/\" \/>\n<meta property=\"og:site_name\" content=\"OMCN S.p.A.\" \/>\n<meta property=\"article:publisher\" content=\"https:\/\/www.facebook.com\/omcnspa\" \/>\n<meta property=\"article:modified_time\" content=\"2024-12-04T13:06:56+00:00\" \/>\n<meta name=\"twitter:card\" content=\"summary_large_image\" \/>\n<meta name=\"twitter:site\" content=\"@omcnspa\" \/>\n<script type=\"application\/ld+json\" class=\"yoast-schema-graph\">{\"@context\":\"https:\\\/\\\/schema.org\",\"@graph\":[{\"@type\":\"WebPage\",\"@id\":\"https:\\\/\\\/www.omcn.it\\\/de\\\/download-katalog-omcn\\\/\",\"url\":\"https:\\\/\\\/www.omcn.it\\\/de\\\/download-katalog-omcn\\\/\",\"name\":\"OMCN S.p.A. - Download Katalog OMCN\",\"isPartOf\":{\"@id\":\"https:\\\/\\\/www.omcn.it\\\/#website\"},\"datePublished\":\"2015-02-05T10:24:03+00:00\",\"dateModified\":\"2024-12-04T13:06:56+00:00\",\"description\":\"Auf dieser Seite k\u00f6nnen Sie den Gesamtkatalog von OMCN herunterladen, mit 2-S\u00e4ulen-Hebeb\u00fchnen, Scherenhebeb\u00fchnen, Kurzhubb\u00fchnen f\u00fcr Karosserie, Pkw-Hebeb\u00fchnen, Motorrad-Hebeb\u00fchnen, Lkw-Hebeb\u00fchnen, Ausr\u00fcstungen f\u00fcr die Industrie wie hydraulische und \u00f6lhydraulische Pressen.\",\"breadcrumb\":{\"@id\":\"https:\\\/\\\/www.omcn.it\\\/de\\\/download-katalog-omcn\\\/#breadcrumb\"},\"inLanguage\":\"de-DE\",\"potentialAction\":[{\"@type\":\"ReadAction\",\"target\":[\"https:\\\/\\\/www.omcn.it\\\/de\\\/download-katalog-omcn\\\/\"]}]},{\"@type\":\"BreadcrumbList\",\"@id\":\"https:\\\/\\\/www.omcn.it\\\/de\\\/download-katalog-omcn\\\/#breadcrumb\",\"itemListElement\":[{\"@type\":\"ListItem\",\"position\":1,\"name\":\"Home\",\"item\":\"https:\\\/\\\/www.omcn.it\\\/de\\\/\"},{\"@type\":\"ListItem\",\"position\":2,\"name\":\"Download\"}]},{\"@type\":\"WebSite\",\"@id\":\"https:\\\/\\\/www.omcn.it\\\/#website\",\"url\":\"https:\\\/\\\/www.omcn.it\\\/\",\"name\":\"OMCN S.p.A.\",\"description\":\"We lift your profit\",\"potentialAction\":[{\"@type\":\"SearchAction\",\"target\":{\"@type\":\"EntryPoint\",\"urlTemplate\":\"https:\\\/\\\/www.omcn.it\\\/?s={search_term_string}\"},\"query-input\":{\"@type\":\"PropertyValueSpecification\",\"valueRequired\":true,\"valueName\":\"search_term_string\"}}],\"inLanguage\":\"de-DE\"}]}<\/script>\n<!-- \/ Yoast SEO plugin. -->","yoast_head_json":{"title":"OMCN S.p.A. - Download Katalog OMCN","description":"Auf dieser Seite k\u00f6nnen Sie den Gesamtkatalog von OMCN herunterladen, mit 2-S\u00e4ulen-Hebeb\u00fchnen, Scherenhebeb\u00fchnen, Kurzhubb\u00fchnen f\u00fcr Karosserie, Pkw-Hebeb\u00fchnen, Motorrad-Hebeb\u00fchnen, Lkw-Hebeb\u00fchnen, Ausr\u00fcstungen f\u00fcr die Industrie wie hydraulische und \u00f6lhydraulische Pressen.","robots":{"index":"index","follow":"follow","max-snippet":"max-snippet:-1","max-image-preview":"max-image-preview:large","max-video-preview":"max-video-preview:-1"},"canonical":"https:\/\/www.omcn.it\/de\/download-katalog-omcn\/","og_locale":"de_DE","og_type":"article","og_title":"OMCN S.p.A. - Download Katalog OMCN","og_description":"Auf dieser Seite k\u00f6nnen Sie den Gesamtkatalog von OMCN herunterladen, mit 2-S\u00e4ulen-Hebeb\u00fchnen, Scherenhebeb\u00fchnen, Kurzhubb\u00fchnen f\u00fcr Karosserie, Pkw-Hebeb\u00fchnen, Motorrad-Hebeb\u00fchnen, Lkw-Hebeb\u00fchnen, Ausr\u00fcstungen f\u00fcr die Industrie wie hydraulische und \u00f6lhydraulische Pressen.","og_url":"https:\/\/www.omcn.it\/de\/download-katalog-omcn\/","og_site_name":"OMCN S.p.A.","article_publisher":"https:\/\/www.facebook.com\/omcnspa","article_modified_time":"2024-12-04T13:06:56+00:00","twitter_card":"summary_large_image","twitter_site":"@omcnspa","schema":{"@context":"https:\/\/schema.org","@graph":[{"@type":"WebPage","@id":"https:\/\/www.omcn.it\/de\/download-katalog-omcn\/","url":"https:\/\/www.omcn.it\/de\/download-katalog-omcn\/","name":"OMCN S.p.A. - Download Katalog OMCN","isPartOf":{"@id":"https:\/\/www.omcn.it\/#website"},"datePublished":"2015-02-05T10:24:03+00:00","dateModified":"2024-12-04T13:06:56+00:00","description":"Auf dieser Seite k\u00f6nnen Sie den Gesamtkatalog von OMCN herunterladen, mit 2-S\u00e4ulen-Hebeb\u00fchnen, Scherenhebeb\u00fchnen, Kurzhubb\u00fchnen f\u00fcr Karosserie, Pkw-Hebeb\u00fchnen, Motorrad-Hebeb\u00fchnen, Lkw-Hebeb\u00fchnen, Ausr\u00fcstungen f\u00fcr die Industrie wie hydraulische und \u00f6lhydraulische Pressen.","breadcrumb":{"@id":"https:\/\/www.omcn.it\/de\/download-katalog-omcn\/#breadcrumb"},"inLanguage":"de-DE","potentialAction":[{"@type":"ReadAction","target":["https:\/\/www.omcn.it\/de\/download-katalog-omcn\/"]}]},{"@type":"BreadcrumbList","@id":"https:\/\/www.omcn.it\/de\/download-katalog-omcn\/#breadcrumb","itemListElement":[{"@type":"ListItem","position":1,"name":"Home","item":"https:\/\/www.omcn.it\/de\/"},{"@type":"ListItem","position":2,"name":"Download"}]},{"@type":"WebSite","@id":"https:\/\/www.omcn.it\/#website","url":"https:\/\/www.omcn.it\/","name":"OMCN S.p.A.","description":"We lift your profit","potentialAction":[{"@type":"SearchAction","target":{"@type":"EntryPoint","urlTemplate":"https:\/\/www.omcn.it\/?s={search_term_string}"},"query-input":{"@type":"PropertyValueSpecification","valueRequired":true,"valueName":"search_term_string"}}],"inLanguage":"de-DE"}]}},"_links":{"self":[{"href":"https:\/\/www.omcn.it\/de\/wp-json\/wp\/v2\/pages\/1276","targetHints":{"allow":["GET"]}}],"collection":[{"href":"https:\/\/www.omcn.it\/de\/wp-json\/wp\/v2\/pages"}],"about":[{"href":"https:\/\/www.omcn.it\/de\/wp-json\/wp\/v2\/types\/page"}],"author":[{"embeddable":true,"href":"https:\/\/www.omcn.it\/de\/wp-json\/wp\/v2\/users\/1"}],"replies":[{"embeddable":true,"href":"https:\/\/www.omcn.it\/de\/wp-json\/wp\/v2\/comments?post=1276"}],"version-history":[{"count":39,"href":"https:\/\/www.omcn.it\/de\/wp-json\/wp\/v2\/pages\/1276\/revisions"}],"predecessor-version":[{"id":7822,"href":"https:\/\/www.omcn.it\/de\/wp-json\/wp\/v2\/pages\/1276\/revisions\/7822"}],"wp:attachment":[{"href":"https:\/\/www.omcn.it\/de\/wp-json\/wp\/v2\/media?parent=1276"}],"curies":[{"name":"wp","href":"https:\/\/api.w.org\/{rel}","templated":true}]}}