{"id":1111,"date":"2015-02-05T11:21:33","date_gmt":"2015-02-05T10:21:33","guid":{"rendered":"http:\/\/www.omcn.it\/?page_id=1111"},"modified":"2025-04-08T12:30:00","modified_gmt":"2025-04-08T10:30:00","slug":"industrie","status":"publish","type":"page","link":"https:\/\/www.omcn.it\/fr\/industrie\/","title":{"rendered":"Industrie"},"content":{"rendered":"","protected":false},"excerpt":{"rendered":"","protected":false},"author":1,"featured_media":0,"parent":0,"menu_order":3,"comment_status":"open","ping_status":"closed","template":"template_prodotti.php","meta":{"_acf_changed":false,"_monsterinsights_skip_tracking":false,"_monsterinsights_sitenote_active":false,"_monsterinsights_sitenote_note":"","_monsterinsights_sitenote_category":0,"footnotes":""},"class_list":["post-1111","page","type-page","status-publish","hentry"],"acf":[],"yoast_head":"<!-- This site is optimized with the Yoast SEO plugin v27.4 - https:\/\/yoast.com\/product\/yoast-seo-wordpress\/ -->\n<title>OMCN - \u00c9quipement industrie - \u00c9tablis de travail, chariots<\/title>\n<meta name=\"description\" content=\"OMCN produit \u00e9quipement pour l&#039;industrie, chariots, \u00e9tablis de travail, grues hydrauliques \u00e0 chariot, presses hydrauliques, cintreuses, \u00e9l\u00e9vateurs hydrauliques, bacs de lavage, etc.\" \/>\n<meta name=\"robots\" content=\"index, follow, max-snippet:-1, max-image-preview:large, max-video-preview:-1\" \/>\n<link rel=\"canonical\" href=\"https:\/\/www.omcn.it\/fr\/industrie\/\" \/>\n<meta property=\"og:locale\" content=\"fr_FR\" \/>\n<meta property=\"og:type\" content=\"article\" \/>\n<meta property=\"og:title\" content=\"OMCN - \u00c9quipement industrie - \u00c9tablis de travail, chariots\" \/>\n<meta property=\"og:description\" content=\"OMCN produit \u00e9quipement pour l&#039;industrie, chariots, \u00e9tablis de travail, grues hydrauliques \u00e0 chariot, presses hydrauliques, cintreuses, \u00e9l\u00e9vateurs hydrauliques, bacs de lavage, etc.\" \/>\n<meta property=\"og:url\" content=\"https:\/\/www.omcn.it\/fr\/industrie\/\" \/>\n<meta property=\"og:site_name\" content=\"OMCN S.p.A.\" \/>\n<meta property=\"article:publisher\" content=\"https:\/\/www.facebook.com\/omcnspa\" \/>\n<meta property=\"article:modified_time\" content=\"2025-04-08T10:30:00+00:00\" \/>\n<meta name=\"twitter:card\" content=\"summary_large_image\" \/>\n<meta name=\"twitter:site\" content=\"@omcnspa\" \/>\n<script type=\"application\/ld+json\" class=\"yoast-schema-graph\">{\"@context\":\"https:\\\/\\\/schema.org\",\"@graph\":[{\"@type\":\"WebPage\",\"@id\":\"https:\\\/\\\/www.omcn.it\\\/fr\\\/industrie\\\/\",\"url\":\"https:\\\/\\\/www.omcn.it\\\/fr\\\/industrie\\\/\",\"name\":\"OMCN - \u00c9quipement industrie - \u00c9tablis de travail, chariots\",\"isPartOf\":{\"@id\":\"https:\\\/\\\/www.omcn.it\\\/#website\"},\"datePublished\":\"2015-02-05T10:21:33+00:00\",\"dateModified\":\"2025-04-08T10:30:00+00:00\",\"description\":\"OMCN produit \u00e9quipement pour l'industrie, chariots, \u00e9tablis de travail, grues hydrauliques \u00e0 chariot, presses hydrauliques, cintreuses, \u00e9l\u00e9vateurs hydrauliques, bacs de lavage, etc.\",\"breadcrumb\":{\"@id\":\"https:\\\/\\\/www.omcn.it\\\/fr\\\/industrie\\\/#breadcrumb\"},\"inLanguage\":\"fr-FR\",\"potentialAction\":[{\"@type\":\"ReadAction\",\"target\":[\"https:\\\/\\\/www.omcn.it\\\/fr\\\/industrie\\\/\"]}]},{\"@type\":\"BreadcrumbList\",\"@id\":\"https:\\\/\\\/www.omcn.it\\\/fr\\\/industrie\\\/#breadcrumb\",\"itemListElement\":[{\"@type\":\"ListItem\",\"position\":1,\"name\":\"Home\",\"item\":\"https:\\\/\\\/www.omcn.it\\\/fr\\\/\"},{\"@type\":\"ListItem\",\"position\":2,\"name\":\"Industrie\"}]},{\"@type\":\"WebSite\",\"@id\":\"https:\\\/\\\/www.omcn.it\\\/#website\",\"url\":\"https:\\\/\\\/www.omcn.it\\\/\",\"name\":\"OMCN S.p.A.\",\"description\":\"We lift your profit\",\"potentialAction\":[{\"@type\":\"SearchAction\",\"target\":{\"@type\":\"EntryPoint\",\"urlTemplate\":\"https:\\\/\\\/www.omcn.it\\\/?s={search_term_string}\"},\"query-input\":{\"@type\":\"PropertyValueSpecification\",\"valueRequired\":true,\"valueName\":\"search_term_string\"}}],\"inLanguage\":\"fr-FR\"}]}<\/script>\n<!-- \/ Yoast SEO plugin. -->","yoast_head_json":{"title":"OMCN - \u00c9quipement industrie - \u00c9tablis de travail, chariots","description":"OMCN produit \u00e9quipement pour l'industrie, chariots, \u00e9tablis de travail, grues hydrauliques \u00e0 chariot, presses hydrauliques, cintreuses, \u00e9l\u00e9vateurs hydrauliques, bacs de lavage, etc.","robots":{"index":"index","follow":"follow","max-snippet":"max-snippet:-1","max-image-preview":"max-image-preview:large","max-video-preview":"max-video-preview:-1"},"canonical":"https:\/\/www.omcn.it\/fr\/industrie\/","og_locale":"fr_FR","og_type":"article","og_title":"OMCN - \u00c9quipement industrie - \u00c9tablis de travail, chariots","og_description":"OMCN produit \u00e9quipement pour l'industrie, chariots, \u00e9tablis de travail, grues hydrauliques \u00e0 chariot, presses hydrauliques, cintreuses, \u00e9l\u00e9vateurs hydrauliques, bacs de lavage, etc.","og_url":"https:\/\/www.omcn.it\/fr\/industrie\/","og_site_name":"OMCN S.p.A.","article_publisher":"https:\/\/www.facebook.com\/omcnspa","article_modified_time":"2025-04-08T10:30:00+00:00","twitter_card":"summary_large_image","twitter_site":"@omcnspa","schema":{"@context":"https:\/\/schema.org","@graph":[{"@type":"WebPage","@id":"https:\/\/www.omcn.it\/fr\/industrie\/","url":"https:\/\/www.omcn.it\/fr\/industrie\/","name":"OMCN - \u00c9quipement industrie - \u00c9tablis de travail, chariots","isPartOf":{"@id":"https:\/\/www.omcn.it\/#website"},"datePublished":"2015-02-05T10:21:33+00:00","dateModified":"2025-04-08T10:30:00+00:00","description":"OMCN produit \u00e9quipement pour l'industrie, chariots, \u00e9tablis de travail, grues hydrauliques \u00e0 chariot, presses hydrauliques, cintreuses, \u00e9l\u00e9vateurs hydrauliques, bacs de lavage, etc.","breadcrumb":{"@id":"https:\/\/www.omcn.it\/fr\/industrie\/#breadcrumb"},"inLanguage":"fr-FR","potentialAction":[{"@type":"ReadAction","target":["https:\/\/www.omcn.it\/fr\/industrie\/"]}]},{"@type":"BreadcrumbList","@id":"https:\/\/www.omcn.it\/fr\/industrie\/#breadcrumb","itemListElement":[{"@type":"ListItem","position":1,"name":"Home","item":"https:\/\/www.omcn.it\/fr\/"},{"@type":"ListItem","position":2,"name":"Industrie"}]},{"@type":"WebSite","@id":"https:\/\/www.omcn.it\/#website","url":"https:\/\/www.omcn.it\/","name":"OMCN S.p.A.","description":"We lift your profit","potentialAction":[{"@type":"SearchAction","target":{"@type":"EntryPoint","urlTemplate":"https:\/\/www.omcn.it\/?s={search_term_string}"},"query-input":{"@type":"PropertyValueSpecification","valueRequired":true,"valueName":"search_term_string"}}],"inLanguage":"fr-FR"}]}},"_links":{"self":[{"href":"https:\/\/www.omcn.it\/fr\/wp-json\/wp\/v2\/pages\/1111","targetHints":{"allow":["GET"]}}],"collection":[{"href":"https:\/\/www.omcn.it\/fr\/wp-json\/wp\/v2\/pages"}],"about":[{"href":"https:\/\/www.omcn.it\/fr\/wp-json\/wp\/v2\/types\/page"}],"author":[{"embeddable":true,"href":"https:\/\/www.omcn.it\/fr\/wp-json\/wp\/v2\/users\/1"}],"replies":[{"embeddable":true,"href":"https:\/\/www.omcn.it\/fr\/wp-json\/wp\/v2\/comments?post=1111"}],"version-history":[{"count":12,"href":"https:\/\/www.omcn.it\/fr\/wp-json\/wp\/v2\/pages\/1111\/revisions"}],"predecessor-version":[{"id":8070,"href":"https:\/\/www.omcn.it\/fr\/wp-json\/wp\/v2\/pages\/1111\/revisions\/8070"}],"wp:attachment":[{"href":"https:\/\/www.omcn.it\/fr\/wp-json\/wp\/v2\/media?parent=1111"}],"curies":[{"name":"wp","href":"https:\/\/api.w.org\/{rel}","templated":true}]}}