{"id":1121,"date":"2015-02-05T11:24:03","date_gmt":"2015-02-05T10:24:03","guid":{"rendered":"http:\/\/www.omcn.it\/?page_id=1121"},"modified":"2024-12-04T14:05:43","modified_gmt":"2024-12-04T13:05:43","slug":"telecharger-catalogue-omcn","status":"publish","type":"page","link":"https:\/\/www.omcn.it\/fr\/telecharger-catalogue-omcn\/","title":{"rendered":"T\u00e9l\u00e9charger"},"content":{"rendered":"","protected":false},"excerpt":{"rendered":"","protected":false},"author":1,"featured_media":0,"parent":0,"menu_order":5,"comment_status":"open","ping_status":"closed","template":"template_download.php","meta":{"_acf_changed":false,"_monsterinsights_skip_tracking":false,"_monsterinsights_sitenote_active":false,"_monsterinsights_sitenote_note":"","_monsterinsights_sitenote_category":0,"footnotes":""},"class_list":["post-1121","page","type-page","status-publish","hentry"],"acf":[],"yoast_head":"<!-- This site is optimized with the Yoast SEO plugin v27.6 - https:\/\/yoast.com\/product\/yoast-seo-wordpress\/ -->\n<title>OMCN S.p.A. - T\u00e9l\u00e9charger catalogue OMCN<\/title>\n<meta name=\"description\" content=\"De cette page vous pourrez t\u00e9l\u00e9charger le catalogue g\u00e9n\u00e9ral OMCN, avec ponts \u00e9l\u00e9vateurs \u00e0 deux colonnes, \u00e0 ciseaux, \u00e9l\u00e9vateurs pour carrossiers, \u00e9l\u00e9vateurs pour voitures, \u00e9l\u00e9vateurs pour motos, \u00e9l\u00e9vateurs pour camions, \u00e9quipement pour l&#039;industrie comme presses hydrauliques et ol\u00e9odynamiques.\" \/>\n<meta name=\"robots\" content=\"index, follow, max-snippet:-1, max-image-preview:large, max-video-preview:-1\" \/>\n<link rel=\"canonical\" href=\"https:\/\/www.omcn.it\/fr\/telecharger-catalogue-omcn\/\" \/>\n<meta property=\"og:locale\" content=\"fr_FR\" \/>\n<meta property=\"og:type\" content=\"article\" \/>\n<meta property=\"og:title\" content=\"OMCN S.p.A. - T\u00e9l\u00e9charger catalogue OMCN\" \/>\n<meta property=\"og:description\" content=\"De cette page vous pourrez t\u00e9l\u00e9charger le catalogue g\u00e9n\u00e9ral OMCN, avec ponts \u00e9l\u00e9vateurs \u00e0 deux colonnes, \u00e0 ciseaux, \u00e9l\u00e9vateurs pour carrossiers, \u00e9l\u00e9vateurs pour voitures, \u00e9l\u00e9vateurs pour motos, \u00e9l\u00e9vateurs pour camions, \u00e9quipement pour l&#039;industrie comme presses hydrauliques et ol\u00e9odynamiques.\" \/>\n<meta property=\"og:url\" content=\"https:\/\/www.omcn.it\/fr\/telecharger-catalogue-omcn\/\" \/>\n<meta property=\"og:site_name\" content=\"OMCN S.p.A.\" \/>\n<meta property=\"article:publisher\" content=\"https:\/\/www.facebook.com\/omcnspa\" \/>\n<meta property=\"article:modified_time\" content=\"2024-12-04T13:05:43+00:00\" \/>\n<meta name=\"twitter:card\" content=\"summary_large_image\" \/>\n<meta name=\"twitter:site\" content=\"@omcnspa\" \/>\n<script type=\"application\/ld+json\" class=\"yoast-schema-graph\">{\"@context\":\"https:\\\/\\\/schema.org\",\"@graph\":[{\"@type\":\"WebPage\",\"@id\":\"https:\\\/\\\/www.omcn.it\\\/fr\\\/telecharger-catalogue-omcn\\\/\",\"url\":\"https:\\\/\\\/www.omcn.it\\\/fr\\\/telecharger-catalogue-omcn\\\/\",\"name\":\"OMCN S.p.A. - T\u00e9l\u00e9charger catalogue OMCN\",\"isPartOf\":{\"@id\":\"https:\\\/\\\/www.omcn.it\\\/#website\"},\"datePublished\":\"2015-02-05T10:24:03+00:00\",\"dateModified\":\"2024-12-04T13:05:43+00:00\",\"description\":\"De cette page vous pourrez t\u00e9l\u00e9charger le catalogue g\u00e9n\u00e9ral OMCN, avec ponts \u00e9l\u00e9vateurs \u00e0 deux colonnes, \u00e0 ciseaux, \u00e9l\u00e9vateurs pour carrossiers, \u00e9l\u00e9vateurs pour voitures, \u00e9l\u00e9vateurs pour motos, \u00e9l\u00e9vateurs pour camions, \u00e9quipement pour l'industrie comme presses hydrauliques et ol\u00e9odynamiques.\",\"breadcrumb\":{\"@id\":\"https:\\\/\\\/www.omcn.it\\\/fr\\\/telecharger-catalogue-omcn\\\/#breadcrumb\"},\"inLanguage\":\"fr-FR\",\"potentialAction\":[{\"@type\":\"ReadAction\",\"target\":[\"https:\\\/\\\/www.omcn.it\\\/fr\\\/telecharger-catalogue-omcn\\\/\"]}]},{\"@type\":\"BreadcrumbList\",\"@id\":\"https:\\\/\\\/www.omcn.it\\\/fr\\\/telecharger-catalogue-omcn\\\/#breadcrumb\",\"itemListElement\":[{\"@type\":\"ListItem\",\"position\":1,\"name\":\"Home\",\"item\":\"https:\\\/\\\/www.omcn.it\\\/fr\\\/\"},{\"@type\":\"ListItem\",\"position\":2,\"name\":\"T\u00e9l\u00e9charger\"}]},{\"@type\":\"WebSite\",\"@id\":\"https:\\\/\\\/www.omcn.it\\\/#website\",\"url\":\"https:\\\/\\\/www.omcn.it\\\/\",\"name\":\"OMCN S.p.A.\",\"description\":\"We lift your profit\",\"potentialAction\":[{\"@type\":\"SearchAction\",\"target\":{\"@type\":\"EntryPoint\",\"urlTemplate\":\"https:\\\/\\\/www.omcn.it\\\/?s={search_term_string}\"},\"query-input\":{\"@type\":\"PropertyValueSpecification\",\"valueRequired\":true,\"valueName\":\"search_term_string\"}}],\"inLanguage\":\"fr-FR\"}]}<\/script>\n<!-- \/ Yoast SEO plugin. -->","yoast_head_json":{"title":"OMCN S.p.A. - T\u00e9l\u00e9charger catalogue OMCN","description":"De cette page vous pourrez t\u00e9l\u00e9charger le catalogue g\u00e9n\u00e9ral OMCN, avec ponts \u00e9l\u00e9vateurs \u00e0 deux colonnes, \u00e0 ciseaux, \u00e9l\u00e9vateurs pour carrossiers, \u00e9l\u00e9vateurs pour voitures, \u00e9l\u00e9vateurs pour motos, \u00e9l\u00e9vateurs pour camions, \u00e9quipement pour l'industrie comme presses hydrauliques et ol\u00e9odynamiques.","robots":{"index":"index","follow":"follow","max-snippet":"max-snippet:-1","max-image-preview":"max-image-preview:large","max-video-preview":"max-video-preview:-1"},"canonical":"https:\/\/www.omcn.it\/fr\/telecharger-catalogue-omcn\/","og_locale":"fr_FR","og_type":"article","og_title":"OMCN S.p.A. - T\u00e9l\u00e9charger catalogue OMCN","og_description":"De cette page vous pourrez t\u00e9l\u00e9charger le catalogue g\u00e9n\u00e9ral OMCN, avec ponts \u00e9l\u00e9vateurs \u00e0 deux colonnes, \u00e0 ciseaux, \u00e9l\u00e9vateurs pour carrossiers, \u00e9l\u00e9vateurs pour voitures, \u00e9l\u00e9vateurs pour motos, \u00e9l\u00e9vateurs pour camions, \u00e9quipement pour l'industrie comme presses hydrauliques et ol\u00e9odynamiques.","og_url":"https:\/\/www.omcn.it\/fr\/telecharger-catalogue-omcn\/","og_site_name":"OMCN S.p.A.","article_publisher":"https:\/\/www.facebook.com\/omcnspa","article_modified_time":"2024-12-04T13:05:43+00:00","twitter_card":"summary_large_image","twitter_site":"@omcnspa","schema":{"@context":"https:\/\/schema.org","@graph":[{"@type":"WebPage","@id":"https:\/\/www.omcn.it\/fr\/telecharger-catalogue-omcn\/","url":"https:\/\/www.omcn.it\/fr\/telecharger-catalogue-omcn\/","name":"OMCN S.p.A. - T\u00e9l\u00e9charger catalogue OMCN","isPartOf":{"@id":"https:\/\/www.omcn.it\/#website"},"datePublished":"2015-02-05T10:24:03+00:00","dateModified":"2024-12-04T13:05:43+00:00","description":"De cette page vous pourrez t\u00e9l\u00e9charger le catalogue g\u00e9n\u00e9ral OMCN, avec ponts \u00e9l\u00e9vateurs \u00e0 deux colonnes, \u00e0 ciseaux, \u00e9l\u00e9vateurs pour carrossiers, \u00e9l\u00e9vateurs pour voitures, \u00e9l\u00e9vateurs pour motos, \u00e9l\u00e9vateurs pour camions, \u00e9quipement pour l'industrie comme presses hydrauliques et ol\u00e9odynamiques.","breadcrumb":{"@id":"https:\/\/www.omcn.it\/fr\/telecharger-catalogue-omcn\/#breadcrumb"},"inLanguage":"fr-FR","potentialAction":[{"@type":"ReadAction","target":["https:\/\/www.omcn.it\/fr\/telecharger-catalogue-omcn\/"]}]},{"@type":"BreadcrumbList","@id":"https:\/\/www.omcn.it\/fr\/telecharger-catalogue-omcn\/#breadcrumb","itemListElement":[{"@type":"ListItem","position":1,"name":"Home","item":"https:\/\/www.omcn.it\/fr\/"},{"@type":"ListItem","position":2,"name":"T\u00e9l\u00e9charger"}]},{"@type":"WebSite","@id":"https:\/\/www.omcn.it\/#website","url":"https:\/\/www.omcn.it\/","name":"OMCN S.p.A.","description":"We lift your profit","potentialAction":[{"@type":"SearchAction","target":{"@type":"EntryPoint","urlTemplate":"https:\/\/www.omcn.it\/?s={search_term_string}"},"query-input":{"@type":"PropertyValueSpecification","valueRequired":true,"valueName":"search_term_string"}}],"inLanguage":"fr-FR"}]}},"_links":{"self":[{"href":"https:\/\/www.omcn.it\/fr\/wp-json\/wp\/v2\/pages\/1121","targetHints":{"allow":["GET"]}}],"collection":[{"href":"https:\/\/www.omcn.it\/fr\/wp-json\/wp\/v2\/pages"}],"about":[{"href":"https:\/\/www.omcn.it\/fr\/wp-json\/wp\/v2\/types\/page"}],"author":[{"embeddable":true,"href":"https:\/\/www.omcn.it\/fr\/wp-json\/wp\/v2\/users\/1"}],"replies":[{"embeddable":true,"href":"https:\/\/www.omcn.it\/fr\/wp-json\/wp\/v2\/comments?post=1121"}],"version-history":[{"count":34,"href":"https:\/\/www.omcn.it\/fr\/wp-json\/wp\/v2\/pages\/1121\/revisions"}],"predecessor-version":[{"id":7820,"href":"https:\/\/www.omcn.it\/fr\/wp-json\/wp\/v2\/pages\/1121\/revisions\/7820"}],"wp:attachment":[{"href":"https:\/\/www.omcn.it\/fr\/wp-json\/wp\/v2\/media?parent=1121"}],"curies":[{"name":"wp","href":"https:\/\/api.w.org\/{rel}","templated":true}]}}